{"id":2045,"date":"2025-10-05T18:54:42","date_gmt":"2025-10-05T16:54:42","guid":{"rendered":"https:\/\/cas209.fr\/?page_id=2045"},"modified":"2025-11-28T22:54:19","modified_gmt":"2025-11-28T21:54:19","slug":"le-bureau","status":"publish","type":"page","link":"https:\/\/cas209.fr\/?page_id=2045","title":{"rendered":"LE BUREAU &#038; LES MONITEURS"},"content":{"rendered":"<div id=\"pl-2045\"  class=\"panel-layout\" ><div id=\"pg-2045-0\"  class=\"panel-grid panel-no-style\" ><div id=\"pgc-2045-0-0\"  class=\"panel-grid-cell\" ><div id=\"panel-2045-0-0-0\" class=\"so-panel widget widget_sow-simple-masonry panel-first-child\" data-index=\"0\" ><div\n\t\t\t\n\t\t\tclass=\"so-widget-sow-simple-masonry so-widget-sow-simple-masonry-default-65855a940a3e-2045\"\n\t\t\t\n\t\t>\n<h3 class=\"widget-title\">Le bureau<\/h3>\n\t<div class=\"sow-masonry-grid-preloader\"><div><\/div><div><\/div><div><\/div><div><\/div><\/div>\n<div class=\"sow-masonry-grid\"\n\tdata-layouts=\"{&quot;desktop&quot;:{&quot;numColumns&quot;:5,&quot;rowHeight&quot;:0,&quot;gutter&quot;:10},&quot;tablet&quot;:{&quot;breakPoint&quot;:768,&quot;numColumns&quot;:2,&quot;rowHeight&quot;:0,&quot;gutter&quot;:10},&quot;mobile&quot;:{&quot;breakPoint&quot;:480,&quot;numColumns&quot;:1,&quot;rowHeight&quot;:0,&quot;gutter&quot;:10}}\" data-layout-origin-left=\"true\" style=\"opacity: 0;\">\n\t\t\t\t<div class=\"sow-masonry-grid-item\" data-col-span=\"1\"\n\t\t\t\tdata-row-span=\"2\">\n\t\t\t\t\n\t\t\t\t\n\t\t\t\t<img loading=\"lazy\" decoding=\"async\" width=\"768\" height=\"1344\" src=\"https:\/\/cas209.fr\/wp-content\/uploads\/2025\/10\/Jocelyn.png\" class=\"sow-masonry-grid-image\" alt=\"\" title=\"Jocelyn - Pr\u00e9sident\" \/>\n\t\t\t\t\t\t\t\t\t<span class=\"image-title\">\n\t\t\t\t\t\tJocelyn - Pr\u00e9sident\t\t\t\t\t<\/span>\n\t\t\t\t\n\t\t\t\t\t\t\t<\/div>\n\t\t\t\t\t\t<div class=\"sow-masonry-grid-item\" data-col-span=\"1\"\n\t\t\t\tdata-row-span=\"2\">\n\t\t\t\t\n\t\t\t\t\n\t\t\t\t<img loading=\"lazy\" decoding=\"async\" width=\"768\" height=\"1344\" src=\"https:\/\/cas209.fr\/wp-content\/uploads\/2025\/09\/Bernard.png\" class=\"sow-masonry-grid-image\" alt=\"Bernard\" title=\"Bernard - Pr\u00e9sident d&#039;Honneur\" \/>\n\t\t\t\t\t\t\t\t\t<span class=\"image-title\">\n\t\t\t\t\t\tBernard - Pr\u00e9sident d'Honneur\t\t\t\t\t<\/span>\n\t\t\t\t\n\t\t\t\t\t\t\t<\/div>\n\t\t\t\t\t\t<div class=\"sow-masonry-grid-item\" data-col-span=\"1\"\n\t\t\t\tdata-row-span=\"2\">\n\t\t\t\t\n\t\t\t\t\n\t\t\t\t<img loading=\"lazy\" decoding=\"async\" width=\"768\" height=\"1344\" src=\"https:\/\/cas209.fr\/wp-content\/uploads\/2025\/09\/Stef.png\" class=\"sow-masonry-grid-image\" alt=\"St\u00e9phanie\" title=\"St\u00e9phanie - Tr\u00e9sori\u00e8re\" \/>\n\t\t\t\t\t\t\t\t\t<span class=\"image-title\">\n\t\t\t\t\t\tSt\u00e9phanie - Tr\u00e9sori\u00e8re\t\t\t\t\t<\/span>\n\t\t\t\t\n\t\t\t\t\t\t\t<\/div>\n\t\t\t\t\t\t<div class=\"sow-masonry-grid-item\" data-col-span=\"1\"\n\t\t\t\tdata-row-span=\"2\">\n\t\t\t\t\n\t\t\t\t\n\t\t\t\t<img loading=\"lazy\" decoding=\"async\" width=\"768\" height=\"1344\" src=\"https:\/\/cas209.fr\/wp-content\/uploads\/2025\/10\/Jean-Marc.png\" class=\"sow-masonry-grid-image\" alt=\"\" title=\"Jean-Marc - Secr\u00e9taire\" \/>\n\t\t\t\t\t\t\t\t\t<span class=\"image-title\">\n\t\t\t\t\t\tJean-Marc - Secr\u00e9taire\t\t\t\t\t<\/span>\n\t\t\t\t\n\t\t\t\t\t\t\t<\/div>\n\t\t\t\t\t\t<div class=\"sow-masonry-grid-item\" data-col-span=\"1\"\n\t\t\t\tdata-row-span=\"2\">\n\t\t\t\t\n\t\t\t\t\n\t\t\t\t<img loading=\"lazy\" decoding=\"async\" width=\"768\" height=\"1344\" src=\"https:\/\/cas209.fr\/wp-content\/uploads\/2025\/10\/Andre.png\" class=\"sow-masonry-grid-image\" alt=\"\" title=\"Andr\u00e9 - Vice-Secr\u00e9taire\" \/>\n\t\t\t\t\t\t\t\t\t<span class=\"image-title\">\n\t\t\t\t\t\tAndr\u00e9 - Vice-Secr\u00e9taire\t\t\t\t\t<\/span>\n\t\t\t\t\n\t\t\t\t\t\t\t<\/div>\n\t\t\t\n<\/div>\n<\/div><\/div><div id=\"panel-2045-0-0-1\" class=\"so-panel widget widget_sow-simple-masonry\" data-index=\"1\" ><div\n\t\t\t\n\t\t\tclass=\"so-widget-sow-simple-masonry so-widget-sow-simple-masonry-default-65855a940a3e-2045\"\n\t\t\t\n\t\t>\n<h3 class=\"widget-title\">Les moniteurs<\/h3>\n\t<div class=\"sow-masonry-grid-preloader\"><div><\/div><div><\/div><div><\/div><div><\/div><\/div>\n<div class=\"sow-masonry-grid\"\n\tdata-layouts=\"{&quot;desktop&quot;:{&quot;numColumns&quot;:4,&quot;rowHeight&quot;:0,&quot;gutter&quot;:10},&quot;tablet&quot;:{&quot;breakPoint&quot;:768,&quot;numColumns&quot;:2,&quot;rowHeight&quot;:0,&quot;gutter&quot;:10},&quot;mobile&quot;:{&quot;breakPoint&quot;:480,&quot;numColumns&quot;:1,&quot;rowHeight&quot;:0,&quot;gutter&quot;:10}}\" data-layout-origin-left=\"true\" style=\"opacity: 0;\">\n\t\t\t\t<div class=\"sow-masonry-grid-item\" data-col-span=\"1\"\n\t\t\t\tdata-row-span=\"1\">\n\t\t\t\t\n\t\t\t\t\n\t\t\t\t<img loading=\"lazy\" decoding=\"async\" width=\"768\" height=\"1344\" src=\"https:\/\/cas209.fr\/wp-content\/uploads\/2025\/10\/Clement.png\" class=\"sow-masonry-grid-image\" alt=\"\" title=\"Cl\u00e9ment - MF1\/DEJEPS\" \/>\n\t\t\t\t\t\t\t\t\t<span class=\"image-title\">\n\t\t\t\t\t\tCl\u00e9ment - MF1\/DEJEPS\t\t\t\t\t<\/span>\n\t\t\t\t\n\t\t\t\t\t\t\t<\/div>\n\t\t\t\t\t\t<div class=\"sow-masonry-grid-item\" data-col-span=\"1\"\n\t\t\t\tdata-row-span=\"1\">\n\t\t\t\t\n\t\t\t\t\n\t\t\t\t<img loading=\"lazy\" decoding=\"async\" width=\"768\" height=\"1344\" src=\"https:\/\/cas209.fr\/wp-content\/uploads\/2025\/10\/Jocelyn.png\" class=\"sow-masonry-grid-image\" alt=\"\" title=\"Jocelyn - MF1\" \/>\n\t\t\t\t\t\t\t\t\t<span class=\"image-title\">\n\t\t\t\t\t\tJocelyn - MF1\t\t\t\t\t<\/span>\n\t\t\t\t\n\t\t\t\t\t\t\t<\/div>\n\t\t\t\t\t\t<div class=\"sow-masonry-grid-item\" data-col-span=\"1\"\n\t\t\t\tdata-row-span=\"1\">\n\t\t\t\t\n\t\t\t\t\n\t\t\t\t<img loading=\"lazy\" decoding=\"async\" width=\"768\" height=\"1344\" src=\"https:\/\/cas209.fr\/wp-content\/uploads\/2025\/10\/13c07746-2401-4052-b772-7bbcc5aadc5b.png\" class=\"sow-masonry-grid-image\" alt=\"J\u00e9r\u00f4me\" title=\"J\u00e9r\u00f4me - E2\" \/>\n\t\t\t\t\t\t\t\t\t<span class=\"image-title\">\n\t\t\t\t\t\tJ\u00e9r\u00f4me - E2\t\t\t\t\t<\/span>\n\t\t\t\t\n\t\t\t\t\t\t\t<\/div>\n\t\t\t\t\t\t<div class=\"sow-masonry-grid-item\" data-col-span=\"1\"\n\t\t\t\tdata-row-span=\"1\">\n\t\t\t\t\n\t\t\t\t\n\t\t\t\t<img loading=\"lazy\" decoding=\"async\" width=\"768\" height=\"1344\" src=\"https:\/\/cas209.fr\/wp-content\/uploads\/2025\/10\/Manu.png\" class=\"sow-masonry-grid-image\" alt=\"\" title=\"Manuel - E2\" \/>\n\t\t\t\t\t\t\t\t\t<span class=\"image-title\">\n\t\t\t\t\t\tManuel - E2\t\t\t\t\t<\/span>\n\t\t\t\t\n\t\t\t\t\t\t\t<\/div>\n\t\t\t\t\t\t<div class=\"sow-masonry-grid-item\" data-col-span=\"1\"\n\t\t\t\tdata-row-span=\"1\">\n\t\t\t\t\n\t\t\t\t\n\t\t\t\t<img loading=\"lazy\" decoding=\"async\" width=\"768\" height=\"1344\" src=\"https:\/\/cas209.fr\/wp-content\/uploads\/2025\/10\/Remi.png\" class=\"sow-masonry-grid-image\" alt=\"\" title=\"R\u00e9mi - E2\" \/>\n\t\t\t\t\t\t\t\t\t<span class=\"image-title\">\n\t\t\t\t\t\tR\u00e9mi - E2\t\t\t\t\t<\/span>\n\t\t\t\t\n\t\t\t\t\t\t\t<\/div>\n\t\t\t\t\t\t<div class=\"sow-masonry-grid-item\" data-col-span=\"1\"\n\t\t\t\tdata-row-span=\"1\">\n\t\t\t\t\n\t\t\t\t\n\t\t\t\t<img loading=\"lazy\" decoding=\"async\" width=\"768\" height=\"1344\" src=\"https:\/\/cas209.fr\/wp-content\/uploads\/2025\/10\/Romain.png\" class=\"sow-masonry-grid-image\" alt=\"\" title=\"Romain - E2\" \/>\n\t\t\t\t\t\t\t\t\t<span class=\"image-title\">\n\t\t\t\t\t\tRomain - E2\t\t\t\t\t<\/span>\n\t\t\t\t\n\t\t\t\t\t\t\t<\/div>\n\t\t\t\t\t\t<div class=\"sow-masonry-grid-item\" data-col-span=\"1\"\n\t\t\t\tdata-row-span=\"1\">\n\t\t\t\t\n\t\t\t\t\n\t\t\t\t<img loading=\"lazy\" decoding=\"async\" width=\"768\" height=\"1344\" src=\"https:\/\/cas209.fr\/wp-content\/uploads\/2025\/10\/Thomas.png\" class=\"sow-masonry-grid-image\" alt=\"\" title=\"Thomas - E2\" \/>\n\t\t\t\t\t\t\t\t\t<span class=\"image-title\">\n\t\t\t\t\t\tThomas - E2\t\t\t\t\t<\/span>\n\t\t\t\t\n\t\t\t\t\t\t\t<\/div>\n\t\t\t\t\t\t<div class=\"sow-masonry-grid-item\" data-col-span=\"1\"\n\t\t\t\tdata-row-span=\"1\">\n\t\t\t\t\n\t\t\t\t\n\t\t\t\t<img loading=\"lazy\" decoding=\"async\" width=\"768\" height=\"1344\" src=\"https:\/\/cas209.fr\/wp-content\/uploads\/2025\/10\/Jean-Marc.png\" class=\"sow-masonry-grid-image\" alt=\"\" title=\"Jean-Marc - Entraineur\" \/>\n\t\t\t\t\t\t\t\t\t<span class=\"image-title\">\n\t\t\t\t\t\tJean-Marc - Entraineur\t\t\t\t\t<\/span>\n\t\t\t\t\n\t\t\t\t\t\t\t<\/div>\n\t\t\t\n<\/div>\n<\/div><\/div><div id=\"panel-2045-0-0-2\" class=\"so-panel widget widget_text panel-last-child\" data-index=\"2\" ><h3 class=\"widget-title\">Les TIV et les gonfleurs<\/h3>\t\t\t<div class=\"textwidget\"><ul>\n<li>Andr\u00e9<\/li>\n<li>Antoine<\/li>\n<li>Bernard<\/li>\n<li>Cl\u00e9ment<\/li>\n<li>Gr\u00e9gory<\/li>\n<li>Jean<\/li>\n<li>J\u00e9r\u00f4me<\/li>\n<li>Laurent<\/li>\n<li>Thomas<\/li>\n<li>Zbigniew<\/li>\n<\/ul>\n<\/div>\n\t\t<\/div><\/div><\/div><\/div>","protected":false},"excerpt":{"rendered":"<p>Andr\u00e9 Antoine Bernard Cl\u00e9ment Gr\u00e9gory Jean J\u00e9r\u00f4me Laurent Thomas Zbigniew<\/p>\n","protected":false},"author":1,"featured_media":0,"parent":0,"menu_order":0,"comment_status":"closed","ping_status":"closed","template":"","meta":{"footnotes":""},"class_list":["post-2045","page","type-page","status-publish","hentry"],"_links":{"self":[{"href":"https:\/\/cas209.fr\/index.php?rest_route=\/wp\/v2\/pages\/2045","targetHints":{"allow":["GET"]}}],"collection":[{"href":"https:\/\/cas209.fr\/index.php?rest_route=\/wp\/v2\/pages"}],"about":[{"href":"https:\/\/cas209.fr\/index.php?rest_route=\/wp\/v2\/types\/page"}],"author":[{"embeddable":true,"href":"https:\/\/cas209.fr\/index.php?rest_route=\/wp\/v2\/users\/1"}],"replies":[{"embeddable":true,"href":"https:\/\/cas209.fr\/index.php?rest_route=%2Fwp%2Fv2%2Fcomments&post=2045"}],"version-history":[{"count":28,"href":"https:\/\/cas209.fr\/index.php?rest_route=\/wp\/v2\/pages\/2045\/revisions"}],"predecessor-version":[{"id":2108,"href":"https:\/\/cas209.fr\/index.php?rest_route=\/wp\/v2\/pages\/2045\/revisions\/2108"}],"wp:attachment":[{"href":"https:\/\/cas209.fr\/index.php?rest_route=%2Fwp%2Fv2%2Fmedia&parent=2045"}],"curies":[{"name":"wp","href":"https:\/\/api.w.org\/{rel}","templated":true}]}}