{"id":603,"date":"2023-09-06T22:09:25","date_gmt":"2023-09-06T20:09:25","guid":{"rendered":"http:\/\/cas209.fr\/?page_id=603"},"modified":"2026-01-31T11:39:10","modified_gmt":"2026-01-31T10:39:10","slug":"page-d-acceuil","status":"publish","type":"page","link":"https:\/\/cas209.fr\/","title":{"rendered":""},"content":{"rendered":"<div id=\"pl-603\"  class=\"panel-layout\" ><div id=\"pg-603-0\"  class=\"panel-grid panel-no-style\" ><div id=\"pgc-603-0-0\"  class=\"panel-grid-cell\" ><div id=\"panel-603-0-0-0\" class=\"so-panel widget widget_block panel-first-child panel-last-child\" data-index=\"0\" ><div style=\"text-align:left;\">\n   <h3><span style=\"color:#4d80bd;\">&#11091;<\/span>&nbsp;&nbsp;Les activit\u00e9s du club<\/h3>\n<\/div><\/div><\/div><\/div><div id=\"pg-603-1\"  class=\"panel-grid panel-no-style\" ><div id=\"pgc-603-1-0\"  class=\"panel-grid-cell\" ><div class=\"panel-cell-style panel-cell-style-for-603-1-0\" ><div id=\"panel-603-1-0-0\" class=\"so-panel widget widget_block panel-first-child panel-last-child\" data-index=\"1\" ><a href=\"https:\/\/cas209.fr\/?page_id=242\">\n<div style=\"text-align:center;\" class=\"zoom\">\n<img decoding=\"async\" src=\"http:\/\/cas209.fr\/wp-content\/uploads\/2025\/07\/Activite_plongee.png\" style=\"-moz-border-radius : 4px; -webkit-border-radius : 4px; border-radius : 4px;\" \/><br \/>\n<span style=\"color:#404040;\">Plong\u00e9e<\/span>\n<\/div>\n<\/a>\n<\/div><\/div><\/div><div id=\"pgc-603-1-1\"  class=\"panel-grid-cell\" ><div id=\"panel-603-1-1-0\" class=\"so-panel widget widget_block panel-first-child panel-last-child\" data-index=\"2\" ><a href=\"https:\/\/cas209.fr\/?page_id=242\">\n<div style=\"text-align:center;\" class=\"zoom\">\n<img decoding=\"async\" src=\"http:\/\/cas209.fr\/wp-content\/uploads\/2025\/07\/Activite_apnee.png\" style=\"-moz-border-radius : 4px; -webkit-border-radius : 4px; border-radius : 4px;\" \/><br \/>\n<span style=\"color:#404040;\">Apn\u00e9e<\/span>\n<\/div>\n<\/a>\n<\/div><\/div><div id=\"pgc-603-1-2\"  class=\"panel-grid-cell\" ><div id=\"panel-603-1-2-0\" class=\"so-panel widget widget_block panel-first-child panel-last-child\" data-index=\"3\" ><a href=\"https:\/\/cas209.fr\/?page_id=242\">\n<div style=\"text-align:center;\" class=\"zoom\">\n<img decoding=\"async\" src=\"http:\/\/cas209.fr\/wp-content\/uploads\/2025\/07\/Activite_hockey.png\" style=\"-moz-border-radius : 4px; -webkit-border-radius : 4px; border-radius : 4px;\" \/><br \/>\n<span style=\"color:#404040;\">Hockey subaquatique<\/span>\n<\/div>\n<\/a>\n<\/div><\/div><div id=\"pgc-603-1-3\"  class=\"panel-grid-cell\" ><div id=\"panel-603-1-3-0\" class=\"so-panel widget widget_block panel-first-child panel-last-child\" data-index=\"4\" ><a href=\"https:\/\/cas209.fr\/?page_id=242\">\n<div style=\"text-align:center;\" class=\"zoom\">\n<img decoding=\"async\" src=\"http:\/\/cas209.fr\/wp-content\/uploads\/2025\/07\/Activite_tir.png\" style=\"-moz-border-radius : 4px; -webkit-border-radius : 4px; border-radius : 4px;\" \/><br \/>\n<span style=\"color:#404040;\">Tir sur cible<\/span>\n<\/div>\n<\/a>\n\n\n<\/div><\/div><\/div><div id=\"pg-603-2\"  class=\"panel-grid panel-no-style\" ><div id=\"pgc-603-2-0\"  class=\"panel-grid-cell\" ><div id=\"panel-603-2-0-0\" class=\"so-panel widget widget_block panel-first-child panel-last-child\" data-index=\"5\" ><div style=\"text-align:left;\">\n   <h3><span style=\"color:#4d80bd;\">&#11091;<\/span>&nbsp;&nbsp;Envie de d\u00e9couvrir la plong\u00e9e ?<\/h3>\n<\/div><\/div><\/div><\/div><div id=\"pg-603-3\"  class=\"panel-grid panel-no-style\" ><div id=\"pgc-603-3-0\"  class=\"panel-grid-cell\" ><div class=\"tnttnt so-rounded panel-cell-style panel-cell-style-for-603-3-0\" ><div id=\"panel-603-3-0-0\" class=\"so-panel widget widget_media_image panel-first-child panel-last-child\" data-index=\"6\" ><div class=\"so-rounded panel-widget-style panel-widget-style-for-603-3-0-0\" ><img loading=\"lazy\" decoding=\"async\" width=\"800\" height=\"533\" src=\"https:\/\/cas209.fr\/wp-content\/uploads\/2025\/07\/csm_piscine_municipale__3__95a5522006-1536x1024.jpg\" class=\"image wp-image-1882 tnttnt attachment-800x533 size-800x533\" alt=\"Piscine Ponthierry\" style=\"max-width: 100%; height: auto;\" srcset=\"https:\/\/cas209.fr\/wp-content\/uploads\/2025\/07\/csm_piscine_municipale__3__95a5522006-1536x1024.jpg 1536w, https:\/\/cas209.fr\/wp-content\/uploads\/2025\/07\/csm_piscine_municipale__3__95a5522006-768x512.jpg 768w, https:\/\/cas209.fr\/wp-content\/uploads\/2025\/07\/csm_piscine_municipale__3__95a5522006-600x400.jpg 600w, https:\/\/cas209.fr\/wp-content\/uploads\/2025\/07\/csm_piscine_municipale__3__95a5522006-300x200.jpg 300w, https:\/\/cas209.fr\/wp-content\/uploads\/2025\/07\/csm_piscine_municipale__3__95a5522006-272x182.jpg 272w, https:\/\/cas209.fr\/wp-content\/uploads\/2025\/07\/csm_piscine_municipale__3__95a5522006.jpg 1620w\" sizes=\"auto, (max-width: 800px) 100vw, 800px\" \/><\/div><\/div><\/div><\/div><div id=\"pgc-603-3-1\"  class=\"panel-grid-cell\" ><div class=\"tnttnt panel-cell-style panel-cell-style-for-603-3-1\" ><div id=\"panel-603-3-1-0\" class=\"so-panel widget widget_block panel-first-child panel-last-child\" data-index=\"7\" ><h4>Retrouvez-nous \u00e0 la piscine de Saint-Fargeau-Ponthierry !\n<\/h4>\n<div style=\"font-size:14px; margin-top:0px;\">\n<span style=\"color:#4d80bd;\">&#11091;<\/span>&nbsp;&nbsp;les MARDIS de 20h00 \u00e0 22H00<br \/>\n<span style=\"color:#4d80bd;\">&#11091;<\/span>&nbsp;&nbsp;les JEUDIS de 20H15 \u00e0 22H15\n<\/div>\n<\/div><\/div><\/div><\/div><\/div>","protected":false},"excerpt":{"rendered":"<p>&#11091;&nbsp;&nbsp;Les activit\u00e9s du club Plong\u00e9e Apn\u00e9e Hockey subaquatique Tir sur cible &#11091;&nbsp;&nbsp;Envie de d\u00e9couvrir la plong\u00e9e ? Retrouvez-nous \u00e0 la piscine de Saint-Fargeau-Ponthierry ! &#11091;&nbsp;&nbsp;les MARDIS de 20h00 \u00e0 22H00 &#11091;&nbsp;&nbsp;les JEUDIS de 20H15 \u00e0 22H15<\/p>\n","protected":false},"author":1,"featured_media":0,"parent":0,"menu_order":1,"comment_status":"closed","ping_status":"closed","template":"","meta":{"footnotes":""},"class_list":["post-603","page","type-page","status-publish","hentry"],"_links":{"self":[{"href":"https:\/\/cas209.fr\/index.php?rest_route=\/wp\/v2\/pages\/603","targetHints":{"allow":["GET"]}}],"collection":[{"href":"https:\/\/cas209.fr\/index.php?rest_route=\/wp\/v2\/pages"}],"about":[{"href":"https:\/\/cas209.fr\/index.php?rest_route=\/wp\/v2\/types\/page"}],"author":[{"embeddable":true,"href":"https:\/\/cas209.fr\/index.php?rest_route=\/wp\/v2\/users\/1"}],"replies":[{"embeddable":true,"href":"https:\/\/cas209.fr\/index.php?rest_route=%2Fwp%2Fv2%2Fcomments&post=603"}],"version-history":[{"count":299,"href":"https:\/\/cas209.fr\/index.php?rest_route=\/wp\/v2\/pages\/603\/revisions"}],"predecessor-version":[{"id":2114,"href":"https:\/\/cas209.fr\/index.php?rest_route=\/wp\/v2\/pages\/603\/revisions\/2114"}],"wp:attachment":[{"href":"https:\/\/cas209.fr\/index.php?rest_route=%2Fwp%2Fv2%2Fmedia&parent=603"}],"curies":[{"name":"wp","href":"https:\/\/api.w.org\/{rel}","templated":true}]}}